{"id":25372,"date":"2023-09-26T11:02:40","date_gmt":"2023-09-26T11:02:40","guid":{"rendered":"https:\/\/dieteticaiherboristeriaarrels.com\/about-2\/productos-copy\/"},"modified":"2023-10-23T16:09:23","modified_gmt":"2023-10-23T16:09:23","slug":"servicios","status":"publish","type":"page","link":"https:\/\/dieteticaiherboristeriaarrels.com\/cat\/about-2\/servicios\/","title":{"rendered":"Serveis"},"content":{"rendered":"<section class=\"wpb-content-wrapper\"><div id=\"vc_row-69f3e6f038f65\" class=\"vc_row wpb_row vc_row-fluid thegem-custom-69f3e6f038ed18296\"><div class=\"wpb_column vc_column_container vc_col-sm-12 thegem-custom-69f3e6f0399876128\"><div class=\"vc_column-inner thegem-custom-inner-69f3e6f03998b\"><div class=\"wpb_wrapper thegem-custom-69f3e6f0399876128\"><div class=\"vc_empty_space\"   style=\"height: 230px\"><span class=\"vc_empty_space_inner\"><\/span><\/div><\/div><\/div><\/div><\/div><div id=\"vc_row-69f3e6f03ae5f\" class=\"vc_row wpb_row vc_row-fluid thegem-custom-69f3e6f03ae465662\"><div class=\"wpb_column vc_column_container vc_col-sm-12 thegem-custom-69f3e6f03b7324124\"><div class=\"vc_column-inner thegem-custom-inner-69f3e6f03b737\"><div class=\"wpb_wrapper thegem-custom-69f3e6f03b7324124\"><div class=\"vc_row wpb_row vc_inner vc_row-fluid thegem-custom-69f3e6f03c1bc3064 custom-inner-column-69f3e6f03c1cb\"><div class=\"wpb_column vc_column_container vc_col-sm-5 thegem-custom-69f3e6f03c8ba8229\"><div class=\"vc_column-inner thegem-custom-inner-69f3e6f03c8bd\"><div class=\"wpb_wrapper thegem-custom-69f3e6f03c8ba8229\"><div class=\"wpb_gallery wpb_content_element vc_clearfix\" ><div class=\"wpb_wrapper\"><div class=\"wpb_gallery_slides wpb_flexslider flexslider_fade flexslider\" data-interval=\"3\" data-flex_fx=\"fade\"><ul class=\"slides\"><li><img decoding=\"async\" width=\"703\" height=\"703\" src=\"https:\/\/dieteticaiherboristeriaarrels.com\/wp-content\/uploads\/2023\/08\/ARRELS-1-1.jpg\" class=\"attachment-full\" alt=\"\" title=\"ARRELS (1)\" srcset=\"https:\/\/dieteticaiherboristeriaarrels.com\/wp-content\/uploads\/2023\/08\/ARRELS-1-1.jpg 703w, https:\/\/dieteticaiherboristeriaarrels.com\/wp-content\/uploads\/2023\/08\/ARRELS-1-1-300x300.jpg 300w, https:\/\/dieteticaiherboristeriaarrels.com\/wp-content\/uploads\/2023\/08\/ARRELS-1-1-150x150.jpg 150w, https:\/\/dieteticaiherboristeriaarrels.com\/wp-content\/uploads\/2023\/08\/ARRELS-1-1-256x256.jpg 256w\" sizes=\"(max-width: 703px) 100vw, 703px\" \/><\/li><li><img decoding=\"async\" width=\"986\" height=\"986\" src=\"https:\/\/dieteticaiherboristeriaarrels.com\/wp-content\/uploads\/2023\/10\/Imagen-de-WhatsApp-2023-10-18-a-las-09.39.59_caf7058044.jpg\" class=\"attachment-full\" alt=\"\" title=\"Imagen de WhatsApp 2023-10-18 a las 09.39.59_caf7058044\" srcset=\"https:\/\/dieteticaiherboristeriaarrels.com\/wp-content\/uploads\/2023\/10\/Imagen-de-WhatsApp-2023-10-18-a-las-09.39.59_caf7058044.jpg 986w, https:\/\/dieteticaiherboristeriaarrels.com\/wp-content\/uploads\/2023\/10\/Imagen-de-WhatsApp-2023-10-18-a-las-09.39.59_caf7058044-300x300.jpg 300w, https:\/\/dieteticaiherboristeriaarrels.com\/wp-content\/uploads\/2023\/10\/Imagen-de-WhatsApp-2023-10-18-a-las-09.39.59_caf7058044-150x150.jpg 150w, https:\/\/dieteticaiherboristeriaarrels.com\/wp-content\/uploads\/2023\/10\/Imagen-de-WhatsApp-2023-10-18-a-las-09.39.59_caf7058044-768x768.jpg 768w, https:\/\/dieteticaiherboristeriaarrels.com\/wp-content\/uploads\/2023\/10\/Imagen-de-WhatsApp-2023-10-18-a-las-09.39.59_caf7058044-12x12.jpg 12w, https:\/\/dieteticaiherboristeriaarrels.com\/wp-content\/uploads\/2023\/10\/Imagen-de-WhatsApp-2023-10-18-a-las-09.39.59_caf7058044-256x256.jpg 256w\" sizes=\"(max-width: 986px) 100vw, 986px\" \/><\/li><li><img decoding=\"async\" width=\"1024\" height=\"1024\" src=\"https:\/\/dieteticaiherboristeriaarrels.com\/wp-content\/uploads\/2023\/10\/Imagen-de-WhatsApp-2023-10-23-a-las-17.35.19_5543f7c9.jpg\" class=\"attachment-full\" alt=\"\" title=\"Imagen de WhatsApp 2023-10-23 a las 17.35.19_5543f7c9\" srcset=\"https:\/\/dieteticaiherboristeriaarrels.com\/wp-content\/uploads\/2023\/10\/Imagen-de-WhatsApp-2023-10-23-a-las-17.35.19_5543f7c9.jpg 1024w, https:\/\/dieteticaiherboristeriaarrels.com\/wp-content\/uploads\/2023\/10\/Imagen-de-WhatsApp-2023-10-23-a-las-17.35.19_5543f7c9-300x300.jpg 300w, https:\/\/dieteticaiherboristeriaarrels.com\/wp-content\/uploads\/2023\/10\/Imagen-de-WhatsApp-2023-10-23-a-las-17.35.19_5543f7c9-150x150.jpg 150w, https:\/\/dieteticaiherboristeriaarrels.com\/wp-content\/uploads\/2023\/10\/Imagen-de-WhatsApp-2023-10-23-a-las-17.35.19_5543f7c9-768x768.jpg 768w, https:\/\/dieteticaiherboristeriaarrels.com\/wp-content\/uploads\/2023\/10\/Imagen-de-WhatsApp-2023-10-23-a-las-17.35.19_5543f7c9-12x12.jpg 12w, https:\/\/dieteticaiherboristeriaarrels.com\/wp-content\/uploads\/2023\/10\/Imagen-de-WhatsApp-2023-10-23-a-las-17.35.19_5543f7c9-256x256.jpg 256w\" sizes=\"(max-width: 1024px) 100vw, 1024px\" \/><\/li><\/ul><\/div><\/div><\/div><div class=\"vc_empty_space\"   style=\"height: 100px\"><span class=\"vc_empty_space_inner\"><\/span><\/div><\/div><\/div><\/div><div class=\"wpb_column vc_column_container vc_col-sm-2 thegem-custom-69f3e6f03eedb9759\"><div class=\"vc_column-inner thegem-custom-inner-69f3e6f03eede\"><div class=\"wpb_wrapper thegem-custom-69f3e6f03eedb9759\"><\/div><\/div><\/div><div class=\"wpb_column vc_column_container vc_col-sm-5 thegem-custom-69f3e6f03f4d94464\"><div class=\"vc_column-inner thegem-custom-inner-69f3e6f03f4dc\"><div class=\"wpb_wrapper thegem-custom-69f3e6f03f4d94464\">\r\n\t\r\n\t\t<div class=\"wpb_text_column wpb_content_element  thegem-vc-text thegem-custom-69f3e6f03fcb2901\"  >\r\n\t\t\t<div class=\"wpb_wrapper\">\r\n\t\t\t\t<div class=\"title-h4\" style=\"text-align: center;\">DIETISTA<\/div>\n\r\n\t\t\t<\/div>\r\n\t\t\t<style>@media screen and (max-width: 1023px) {.thegem-vc-text.thegem-custom-69f3e6f03fcb2901{display: block!important;}}@media screen and (max-width: 767px) {.thegem-vc-text.thegem-custom-69f3e6f03fcb2901{display: block!important;}}@media screen and (max-width: 1023px) {.thegem-vc-text.thegem-custom-69f3e6f03fcb2901{position: relative !important;}}@media screen and (max-width: 767px) {.thegem-vc-text.thegem-custom-69f3e6f03fcb2901{position: relative !important;}}<\/style>\r\n\t\t<\/div>\r\n\t\r\n<div class=\"vc_empty_space\"   style=\"height: 60px\"><span class=\"vc_empty_space_inner\"><\/span><\/div>\r\n\t\r\n\t\t<div class=\"wpb_text_column wpb_content_element  thegem-vc-text thegem-custom-69f3e6f0404cf3130\"  >\r\n\t\t\t<div class=\"wpb_wrapper\">\r\n\t\t\t\t<ul>\n<li style=\"text-align: left;\"><em>Aconsegueix el teu objectiu amb h\u00e0bits saludables<\/em><\/li>\n<li style=\"text-align: left;\"><em>Dietes personalitzades<\/em><\/li>\n<li style=\"text-align: left;\"><em>Seguiment setmanal<\/em><\/li>\n<li style=\"text-align: left;\"><em>Complements naturals que t'ajuden de forma sana a combatre l'ansietat, la retenci\u00f3 de l\u00edquids i el greix localitzat<\/em><\/li>\n<\/ul>\n<p style=\"text-align: left;\"><em>\u00a0\u00a0\u00a0\u00a0\u00a0\u00a0\u00a0\u00a0\u00a0\u00a0\u00a0\u00a0 Vine! Aquesta ser\u00e0 la teva dieta definitiva<\/em><\/p>\n\r\n\t\t\t<\/div>\r\n\t\t\t<style>@media screen and (max-width: 1023px) {.thegem-vc-text.thegem-custom-69f3e6f0404cf3130{display: block!important;}}@media screen and (max-width: 767px) {.thegem-vc-text.thegem-custom-69f3e6f0404cf3130{display: block!important;}}@media screen and (max-width: 1023px) {.thegem-vc-text.thegem-custom-69f3e6f0404cf3130{position: relative !important;}}@media screen and (max-width: 767px) {.thegem-vc-text.thegem-custom-69f3e6f0404cf3130{position: relative !important;}}<\/style>\r\n\t\t<\/div>\r\n\t\r\n<div class=\"vc_empty_space\"   style=\"height: 60px\"><span class=\"vc_empty_space_inner\"><\/span><\/div><style>.thegem-custom-69f3e6f04098c9952 .gem-icon  {font-size: 16px;}.thegem-custom-69f3e6f04098c9952 .gem-icon:not(.gem-simple-icon) .gem-icon-inner {width: 24px; height: 24px; line-height: 24px;}.thegem-custom-69f3e6f04098c9952 .gem-icon.gem-simple-icon {width: 16px; height: 16px; line-height: 16px;}.gem-infotext.thegem-custom-69f3e6f04098c9952 .gem-infotext-icon {margin-top:-2px !important;}.gem-infotext.thegem-custom-69f3e6f04098c9952 .gem-infotext-icon {margin-right:8px !important;}.gem-infotext.thegem-custom-69f3e6f04098c9952 .title-customize {color:#3c3950 !important;}<\/style><div class=\"gem-infotext alignment-left thegem-custom-69f3e6f04098c9952\"> <div class=\"gem-infotext-wrap position--left vertical--center\"> <div class=\"gem-infotext\"> <div class=\"gem-infotext__subtitle\"> <div class=\"subtitle-customize styled-subtitle\" style=\"font-style:italic; \"> Demana'ns hora, per tel\u00e8fon, per whatsapp o per mail! <\/div> <\/div> <\/div> <\/div> <\/div><div class=\"vc_empty_space\"   style=\"height: 60px\"><span class=\"vc_empty_space_inner\"><\/span><\/div><\/div><\/div><\/div><\/div><div class=\"vc_empty_space\"   style=\"height: 60px\"><span class=\"vc_empty_space_inner\"><\/span><\/div><\/div><\/div><\/div><\/div><div id=\"vc_row-69f3e6f041b47\" class=\"vc_row wpb_row vc_row-fluid thegem-custom-69f3e6f041b281899\"><div class=\"wpb_column vc_column_container vc_col-sm-12 thegem-custom-69f3e6f0422803135\"><div class=\"vc_column-inner thegem-custom-inner-69f3e6f042284\"><div class=\"wpb_wrapper thegem-custom-69f3e6f0422803135\"><div class=\"vc_row wpb_row vc_inner vc_row-fluid thegem-custom-69f3e6f0428d19475 custom-inner-column-69f3e6f0428df\"><div class=\"wpb_column vc_column_container vc_col-sm-5 thegem-custom-69f3e6f042f2f1064\"><div class=\"vc_column-inner thegem-custom-inner-69f3e6f042f32\"><div class=\"wpb_wrapper thegem-custom-69f3e6f042f2f1064\"><div class=\"wpb_gallery wpb_content_element vc_clearfix\" ><div class=\"wpb_wrapper\"><div class=\"wpb_gallery_slides wpb_flexslider flexslider_fade flexslider\" data-interval=\"3\" data-flex_fx=\"fade\"><ul class=\"slides\"><li><img decoding=\"async\" width=\"703\" height=\"703\" src=\"https:\/\/dieteticaiherboristeriaarrels.com\/wp-content\/uploads\/2023\/09\/ARRELS-jordi.jpg\" class=\"attachment-full\" alt=\"\" title=\"ARRELS-jordi\" srcset=\"https:\/\/dieteticaiherboristeriaarrels.com\/wp-content\/uploads\/2023\/09\/ARRELS-jordi.jpg 703w, https:\/\/dieteticaiherboristeriaarrels.com\/wp-content\/uploads\/2023\/09\/ARRELS-jordi-300x300.jpg 300w, https:\/\/dieteticaiherboristeriaarrels.com\/wp-content\/uploads\/2023\/09\/ARRELS-jordi-150x150.jpg 150w, https:\/\/dieteticaiherboristeriaarrels.com\/wp-content\/uploads\/2023\/09\/ARRELS-jordi-256x256.jpg 256w\" sizes=\"(max-width: 703px) 100vw, 703px\" \/><\/li><li><img decoding=\"async\" width=\"1204\" height=\"1204\" src=\"https:\/\/dieteticaiherboristeriaarrels.com\/wp-content\/uploads\/2023\/10\/Imagen-de-WhatsApp-2023-10-18-a-las-09.39.59_caf70580.jpg\" class=\"attachment-full\" alt=\"\" title=\"Imagen de WhatsApp 2023-10-18 a las 09.39.59_caf70580\" srcset=\"https:\/\/dieteticaiherboristeriaarrels.com\/wp-content\/uploads\/2023\/10\/Imagen-de-WhatsApp-2023-10-18-a-las-09.39.59_caf70580.jpg 1204w, https:\/\/dieteticaiherboristeriaarrels.com\/wp-content\/uploads\/2023\/10\/Imagen-de-WhatsApp-2023-10-18-a-las-09.39.59_caf70580-300x300.jpg 300w, https:\/\/dieteticaiherboristeriaarrels.com\/wp-content\/uploads\/2023\/10\/Imagen-de-WhatsApp-2023-10-18-a-las-09.39.59_caf70580-1024x1024.jpg 1024w, https:\/\/dieteticaiherboristeriaarrels.com\/wp-content\/uploads\/2023\/10\/Imagen-de-WhatsApp-2023-10-18-a-las-09.39.59_caf70580-150x150.jpg 150w, https:\/\/dieteticaiherboristeriaarrels.com\/wp-content\/uploads\/2023\/10\/Imagen-de-WhatsApp-2023-10-18-a-las-09.39.59_caf70580-768x768.jpg 768w, https:\/\/dieteticaiherboristeriaarrels.com\/wp-content\/uploads\/2023\/10\/Imagen-de-WhatsApp-2023-10-18-a-las-09.39.59_caf70580-12x12.jpg 12w, https:\/\/dieteticaiherboristeriaarrels.com\/wp-content\/uploads\/2023\/10\/Imagen-de-WhatsApp-2023-10-18-a-las-09.39.59_caf70580-256x256.jpg 256w\" sizes=\"(max-width: 1204px) 100vw, 1204px\" \/><\/li><li><img decoding=\"async\" width=\"986\" height=\"986\" src=\"https:\/\/dieteticaiherboristeriaarrels.com\/wp-content\/uploads\/2023\/10\/Imagen-de-WhatsApp-2023-10-18-a-las-09.39.59ddd_caf7058044-copia.jpg\" class=\"attachment-full\" alt=\"\" title=\"Imagen de WhatsApp 2023-10-18 a las 09.39.59ddd_caf7058044 copia\" srcset=\"https:\/\/dieteticaiherboristeriaarrels.com\/wp-content\/uploads\/2023\/10\/Imagen-de-WhatsApp-2023-10-18-a-las-09.39.59ddd_caf7058044-copia.jpg 986w, https:\/\/dieteticaiherboristeriaarrels.com\/wp-content\/uploads\/2023\/10\/Imagen-de-WhatsApp-2023-10-18-a-las-09.39.59ddd_caf7058044-copia-300x300.jpg 300w, https:\/\/dieteticaiherboristeriaarrels.com\/wp-content\/uploads\/2023\/10\/Imagen-de-WhatsApp-2023-10-18-a-las-09.39.59ddd_caf7058044-copia-150x150.jpg 150w, https:\/\/dieteticaiherboristeriaarrels.com\/wp-content\/uploads\/2023\/10\/Imagen-de-WhatsApp-2023-10-18-a-las-09.39.59ddd_caf7058044-copia-768x768.jpg 768w, https:\/\/dieteticaiherboristeriaarrels.com\/wp-content\/uploads\/2023\/10\/Imagen-de-WhatsApp-2023-10-18-a-las-09.39.59ddd_caf7058044-copia-12x12.jpg 12w, https:\/\/dieteticaiherboristeriaarrels.com\/wp-content\/uploads\/2023\/10\/Imagen-de-WhatsApp-2023-10-18-a-las-09.39.59ddd_caf7058044-copia-256x256.jpg 256w\" sizes=\"(max-width: 986px) 100vw, 986px\" \/><\/li><\/ul><\/div><\/div><\/div><div class=\"vc_empty_space\"   style=\"height: 100px\"><span class=\"vc_empty_space_inner\"><\/span><\/div><\/div><\/div><\/div><div class=\"wpb_column vc_column_container vc_col-sm-2 thegem-custom-69f3e6f044e765042\"><div class=\"vc_column-inner thegem-custom-inner-69f3e6f044e79\"><div class=\"wpb_wrapper thegem-custom-69f3e6f044e765042\"><\/div><\/div><\/div><div class=\"wpb_column vc_column_container vc_col-sm-5 thegem-custom-69f3e6f04542b6101\"><div class=\"vc_column-inner thegem-custom-inner-69f3e6f04542d\"><div class=\"wpb_wrapper thegem-custom-69f3e6f04542b6101\">\r\n\t\r\n\t\t<div class=\"wpb_text_column wpb_content_element  thegem-vc-text thegem-custom-69f3e6f0458a13841\"  >\r\n\t\t\t<div class=\"wpb_wrapper\">\r\n\t\t\t\t<div class=\"title-h4\" style=\"text-align: center;\">NATUROPATIA<\/div>\n\r\n\t\t\t<\/div>\r\n\t\t\t<style>@media screen and (max-width: 1023px) {.thegem-vc-text.thegem-custom-69f3e6f0458a13841{display: block!important;}}@media screen and (max-width: 767px) {.thegem-vc-text.thegem-custom-69f3e6f0458a13841{display: block!important;}}@media screen and (max-width: 1023px) {.thegem-vc-text.thegem-custom-69f3e6f0458a13841{position: relative !important;}}@media screen and (max-width: 767px) {.thegem-vc-text.thegem-custom-69f3e6f0458a13841{position: relative !important;}}<\/style>\r\n\t\t<\/div>\r\n\t\r\n<div class=\"vc_empty_space\"   style=\"height: 60px\"><span class=\"vc_empty_space_inner\"><\/span><\/div>\r\n\t\r\n\t\t<div class=\"wpb_text_column wpb_content_element  thegem-vc-text thegem-custom-69f3e6f04604d4049\"  >\r\n\t\t\t<div class=\"wpb_wrapper\">\r\n\t\t\t\t<ul>\n<li><em>An\u00e0lisi metab\u00f2lica i fisiol\u00f2gica.<\/em><\/li>\n<li><em>Recomanaci\u00f3 de suplementaci\u00f3 amb efecte biol\u00f2gic.<\/em><\/li>\n<li><em>Consells per aconseguir un benestar de nivell superior.<\/em><\/li>\n<li><em>Orientaci\u00f3 en exercicis f\u00edsics aplicats a cada cas.<\/em><\/li>\n<li><em>Orientaci\u00f3 de pautes emocionals personalitzades.<\/em><\/li>\n<\/ul>\n\r\n\t\t\t<\/div>\r\n\t\t\t<style>@media screen and (max-width: 1023px) {.thegem-vc-text.thegem-custom-69f3e6f04604d4049{display: block!important;}}@media screen and (max-width: 767px) {.thegem-vc-text.thegem-custom-69f3e6f04604d4049{display: block!important;}}@media screen and (max-width: 1023px) {.thegem-vc-text.thegem-custom-69f3e6f04604d4049{position: relative !important;}}@media screen and (max-width: 767px) {.thegem-vc-text.thegem-custom-69f3e6f04604d4049{position: relative !important;}}<\/style>\r\n\t\t<\/div>\r\n\t\r\n<div class=\"vc_empty_space\"   style=\"height: 60px\"><span class=\"vc_empty_space_inner\"><\/span><\/div><style>.thegem-custom-69f3e6f0465568248 .gem-icon  {font-size: 16px;}.thegem-custom-69f3e6f0465568248 .gem-icon:not(.gem-simple-icon) .gem-icon-inner {width: 24px; height: 24px; line-height: 24px;}.thegem-custom-69f3e6f0465568248 .gem-icon.gem-simple-icon {width: 16px; height: 16px; line-height: 16px;}.gem-infotext.thegem-custom-69f3e6f0465568248 .gem-infotext-icon {margin-top:-2px !important;}.gem-infotext.thegem-custom-69f3e6f0465568248 .gem-infotext-icon {margin-right:8px !important;}.gem-infotext.thegem-custom-69f3e6f0465568248 .title-customize {color:#3c3950 !important;}<\/style><div class=\"gem-infotext alignment-left thegem-custom-69f3e6f0465568248\"> <div class=\"gem-infotext-wrap position--left vertical--center\"> <div class=\"gem-infotext\"> <div class=\"gem-infotext__subtitle\"> <div class=\"subtitle-customize styled-subtitle\" style=\"font-style:italic; \"> Consulta gratu\u00efta<\/p>\n<p>Demana'ns hora, per tel\u00e8fon, per whatsapp o per mail! <\/div> <\/div> <\/div> <\/div> <\/div><div class=\"vc_empty_space\"   style=\"height: 60px\"><span class=\"vc_empty_space_inner\"><\/span><\/div><\/div><\/div><\/div><\/div><\/div><\/div><\/div><\/div>\n<\/section>","protected":false},"excerpt":{"rendered":"","protected":false},"author":1,"featured_media":0,"parent":979,"menu_order":0,"comment_status":"closed","ping_status":"closed","template":"","meta":{"_joinchat":[],"footnotes":""},"class_list":["post-25372","page","type-page","status-publish"],"_links":{"self":[{"href":"https:\/\/dieteticaiherboristeriaarrels.com\/cat\/wp-json\/wp\/v2\/pages\/25372","targetHints":{"allow":["GET"]}}],"collection":[{"href":"https:\/\/dieteticaiherboristeriaarrels.com\/cat\/wp-json\/wp\/v2\/pages"}],"about":[{"href":"https:\/\/dieteticaiherboristeriaarrels.com\/cat\/wp-json\/wp\/v2\/types\/page"}],"author":[{"embeddable":true,"href":"https:\/\/dieteticaiherboristeriaarrels.com\/cat\/wp-json\/wp\/v2\/users\/1"}],"replies":[{"embeddable":true,"href":"https:\/\/dieteticaiherboristeriaarrels.com\/cat\/wp-json\/wp\/v2\/comments?post=25372"}],"version-history":[{"count":22,"href":"https:\/\/dieteticaiherboristeriaarrels.com\/cat\/wp-json\/wp\/v2\/pages\/25372\/revisions"}],"predecessor-version":[{"id":25459,"href":"https:\/\/dieteticaiherboristeriaarrels.com\/cat\/wp-json\/wp\/v2\/pages\/25372\/revisions\/25459"}],"up":[{"embeddable":true,"href":"https:\/\/dieteticaiherboristeriaarrels.com\/cat\/wp-json\/wp\/v2\/pages\/979"}],"wp:attachment":[{"href":"https:\/\/dieteticaiherboristeriaarrels.com\/cat\/wp-json\/wp\/v2\/media?parent=25372"}],"curies":[{"name":"wp","href":"https:\/\/api.w.org\/{rel}","templated":true}]}}